 {"id":13417,"date":"2022-12-26T11:40:35","date_gmt":"2022-12-26T11:40:35","guid":{"rendered":"http:\/\/rapicash.loan\/?page_id=13417"},"modified":"2023-12-29T10:08:11","modified_gmt":"2023-12-29T10:08:11","slug":"privacy","status":"publish","type":"page","link":"https:\/\/rapicash.loan\/index.php\/privacy\/","title":{"rendered":"Acuerdo de privacidad"},"content":{"rendered":"<p>[vc_row pix_particles_check=&#8221;&#8221;][vc_column][vc_column_text]<\/p>\n<h1>POL\u00cdTICA DE PRIVACIDAD<\/h1>\n<p>Este documento, conocido como las Pol\u00edticas de privacidad de Rapicash, est\u00e1 en conformidad con la normativa actual sobre Protecci\u00f3n de Datos Personales. En \u00e9l se describen las finalidades de la informaci\u00f3n que nos proporciona, qui\u00e9nes son responsables de su tratamiento, las medidas de protecci\u00f3n adoptadas y los m\u00e9todos para ejercer sus derechos como titular de los Datos Personales, entre otros aspectos relevantes. Le recomendamos leer detenidamente este documento para comprender qu\u00e9 informaci\u00f3n recopilamos sobre usted, c\u00f3mo la utilizamos y en qu\u00e9 circunstancias la compartimos con terceros.<\/p>\n<h3>1.Consentimiento<\/h3>\n<p>Al utilizar esta aplicaci\u00f3n o sitios web relacionados, estar\u00e1 aceptando nuestra pol\u00edtica de privacidad y otorgando su consentimiento libre, claro, inequ\u00edvoco e informado para la recopilaci\u00f3n y el procesamiento de su informaci\u00f3n por parte de esta aplicaci\u00f3n. Adem\u00e1s, como usuario, declara su consentimiento a todos los aspectos mencionados en este documento y nos autoriza a utilizar sus datos personales para los fines descritos.<\/p>\n<h3>2.Datos de usuario recopilados<\/h3>\n<p>Informaci\u00f3n proporcionada por usted: La informaci\u00f3n que nos proporciona al completar los datos en nuestra aplicaci\u00f3n y\/o al interactuar con nosotros a trav\u00e9s de medios como tel\u00e9fono, correo electr\u00f3nico, libro de reclamaciones u otros, es considerada. Esto abarca diversas acciones, como registrarse como usuario para utilizar la aplicaci\u00f3n, realizar operaciones con ella o informar de cualquier problema en la p\u00e1gina web y\/o la aplicaci\u00f3n.<br \/>\nLa informaci\u00f3n recopilada comprender\u00e1, al menos, los siguientes elementos<\/p>\n<div style=\"overflow-x: auto; width: 100%;\">\n<table style=\"width: 100%;\">\n<tbody>\n<tr>\n<td width=\"35%\"><span data-font-family=\"default\">T<\/span><span data-font-family=\"default\">ipo<\/span><\/td>\n<td width=\"65%\"><span data-font-family=\"default\">D<\/span><span data-font-family=\"default\">etalle<\/span><\/td>\n<\/tr>\n<tr>\n<td width=\"35%\"><span data-font-family=\"default\">Informaci\u00f3n\u00a0de\u00a0identidad<\/span><\/td>\n<td width=\"65%\"><span data-font-family=\"default\">Primer\u00a0<\/span><span data-font-family=\"default\">a<\/span><span data-font-family=\"default\">pellido\u3001Segundo\u00a0<\/span><span data-font-family=\"default\">a<\/span><span data-font-family=\"default\">pellido\u3001Pre\u00a0<\/span><span data-font-family=\"default\">n<\/span><span data-font-family=\"default\">ombres\u3001Sexo\u3001Estado\u00a0<\/span><span data-font-family=\"default\">c<\/span><span data-font-family=\"default\">ivil\u3001Fecha\u00a0de\u00a0nacimiento\u3001<\/span><span data-font-family=\"default\">DNI\u3001<\/span><span data-font-family=\"default\">Fotos\u00a0DNI<\/span><\/td>\n<\/tr>\n<tr>\n<td width=\"35%\"><span data-font-family=\"default\">Informaci\u00f3n\u00a0biom\u00e9trica<\/span><\/td>\n<td width=\"65%\"><span data-font-family=\"default\">F<\/span><span data-font-family=\"default\">oto\u00a0de\u00a0la\u00a0cara<\/span><\/td>\n<\/tr>\n<tr>\n<td width=\"35%\"><span data-font-family=\"default\">Informaci\u00f3n\u00a0sobre\u00a0empleo\u00a0y\u00a0educaci\u00f3n<\/span><\/td>\n<td width=\"65%\"><span data-font-family=\"default\">Salario\u3001<\/span><span data-font-family=\"default\">Nivel\u00a0educativo<\/span><\/td>\n<\/tr>\n<tr>\n<td width=\"35%\"><span data-font-family=\"default\">Informaci\u00f3n\u00a0del\u00a0contacto<\/span><\/td>\n<td width=\"65%\"><span data-font-family=\"default\">Correo\u3001<\/span><span data-font-family=\"default\">N\u00famero\u00a0de\u00a0tel\u00e9fono<\/span><span data-font-family=\"default\">\u3001Direcci\u00f3n<\/span><\/td>\n<\/tr>\n<tr>\n<td width=\"35%\"><span data-font-family=\"default\">Informaci\u00f3n\u00a0del\u00a0contacto<\/span><\/td>\n<td width=\"65%\"><p><span data-font-family=\"default\">Nombre\u00a0de\u00a0contacto<\/span><span data-font-family=\"default\">\u3001R<\/span><span data-font-family=\"default\">elaci\u00f3n\u3001Tel\u00e9fono\u00a0de\u00a0contacto<\/span><\/p>\n<p><span data-font-family=\"default\">\uff08El\u00a0usuario\u00a0solo\u00a0necesita\u00a0seleccionar\u00a0o\u00a0completar\u00a0manualmente\u00a0la\u00a0informaci\u00f3n\u00a0de\u00a02\u00a0contactos\uff09<\/span><\/td>\n<\/tr>\n<tr>\n<td width=\"35%\"><span data-font-family=\"default\">informaci\u00f3n\u00a0bancaria<\/span><\/td>\n<td width=\"65%\"><span data-font-family=\"default\">B<\/span><span data-font-family=\"default\">anco\u3001<\/span><span data-font-family=\"default\">Cuenta\u00a0bancaria<\/span><\/td>\n<\/tr>\n<\/tbody>\n<\/table>\n<\/div>\n<p>&nbsp;<\/p>\n<p>SMS y registros de SMS<br \/>\nObtendremos la autorizaci\u00f3n de SMS y recopilaremos todos sus datos de SMS, incluidos, entre otros, el n\u00famero de tel\u00e9fono, el remitente, la hora de env\u00edo, el contenido del mensaje, el operador, estado del mensaje, etc. Sin embargo, solo supervisamos los mensajes relacionados con transacciones financieras. Concretamente, estaremos atentos al nombre del remitente, la descripci\u00f3n y el monto de la transacci\u00f3n, con el prop\u00f3sito de llevar a cabo una evaluaci\u00f3n del riesgo crediticio. Esto puede ayudarnos a verificar su informaci\u00f3n de identidad y su situaci\u00f3n de deuda, y realizar una gesti\u00f3n antifraude de manera oportuna.Los datos se cifrar\u00e1n y se cargar\u00e1n en http:\/\/www.rapicash.loan y no se filtrar\u00e1n a ning\u00fan tercero sin permiso. Los usuarios pueden ponerse en contacto con el servicio de atenci\u00f3n al cliente para eliminarlos en cualquier momento.<\/p>\n<p>C\u00e1mara<br \/>\nSolicitar\u00e1 acceso a la c\u00e1mara del dispositivo m\u00f3vil para que puedas realizar una autenticaci\u00f3n mediante un &#8220;selfie&#8221; y tambi\u00e9n brindarnos los documentos necesarios para el proceso de solicitud y evaluaci\u00f3n de tu perfil como cliente.<\/p>\n<p>Almacenamiento (solo fotos de galer\u00eda)<br \/>\nCon el fin de facilitar la selecci\u00f3n y carga de las im\u00e1genes necesarias para su solicitud de pr\u00e9stamo, nuestra aplicaci\u00f3n requiere acceso a la biblioteca multimedia de su dispositivo. Solo las fotos que usted seleccione manualmente ser\u00e1n transferidas a nuestra aplicaci\u00f3n. Es importante destacar que no tendremos acceso a ninguna otra imagen que no sea la seleccionada. Las fotos \u00fanicamente se utilizar\u00e1n para verificar la autenticidad de la informaci\u00f3n de su solicitud y confirmar su identidad.Los datos se cifrar\u00e1n y se cargar\u00e1n en http:\/\/www.rapicash.loan y no se filtrar\u00e1n a ning\u00fan tercero sin permiso. Los usuarios pueden ponerse en contacto con el servicio de atenci\u00f3n al cliente para eliminarlos en cualquier momento.<\/p>\n<p>Contactos de emergencia<br \/>\nEs requerido que proporcione o seleccione activamente dos contactos de emergencia, incluyendo su nombre, n\u00famero de tel\u00e9fono m\u00f3vil y relaci\u00f3n con usted.A excepci\u00f3n de los contactos que usted elija activamente, no obtendremos ninguna informaci\u00f3n en su libreta de direcciones. Estos datos ser\u00e1n utilizados exclusivamente con el prop\u00f3sito de ubicarlo en caso de que no podamos establecer comunicaci\u00f3n directa con usted.Los datos se cifrar\u00e1n y se cargar\u00e1n en http:\/\/www.rapicash.loan y no se filtrar\u00e1n a ning\u00fan tercero sin permiso. Los usuarios pueden ponerse en contacto con el servicio de atenci\u00f3n al cliente para eliminarlos en cualquier momento.<\/p>\n<p>Calendario<br \/>\nSolicitaremos permiso para acceder a su calendario con el fin de programar la fecha de pago correspondiente y enviar los recordatorios necesarios. Esto nos permite administrar nuestro riesgo crediticio y evitar pagos atrasados.Ten en cuenta que el acceso al calendario es completamente opcional.<\/p>\n<p>El Cooperador<br \/>\nEl SDK que empleamos para conectarnos con el proveedor de Deeplink se distribuye a trav\u00e9s de diversos canales (como Google, Facebook) con el objetivo de establecer la fuente de atribuci\u00f3n del usuario y transmitir la identidad de cada canal. Sin embargo, es importante destacar que nuestro socio Deeplink no accede ni utiliza ninguna informaci\u00f3n proveniente de las cuentas sociales del usuario, y nuestra propia aplicaci\u00f3n tampoco accede ni utiliza ninguna informaci\u00f3n de las cuentas sociales del usuario.<\/p>\n<p>Datos del dispositivo<br \/>\nRecopilamos y monitoreamos informaci\u00f3n sobre su dispositivo, que incluye el nombre, modelo, regi\u00f3n, idioma, c\u00f3digo de identificaci\u00f3n, detalles de hardware y software, estado, patrones de uso, as\u00ed como identificadores \u00fanicos como IMEI y n\u00fameros de serie. Esta informaci\u00f3n nos resulta \u00fatil para identificar el dispositivo desde el cual se origina la solicitud de pr\u00e9stamo y otros prop\u00f3sitos adicionales, con el fin de evaluar adecuadamente su perfil y prevenir fraudes.<\/p>\n<p>Actividad en apps<br \/>\nNecesitamos obtener las aplicaciones instaladas en su dispositivo, incluido el nombre del paquete, el nombre de la aplicaci\u00f3n, la hora de la primera instalaci\u00f3n, la hora de actualizaci\u00f3n de la aplicaci\u00f3n, la actividad de la aplicaci\u00f3n, etc. Esta informaci\u00f3n puede ayudarnos a confirmar si ha instalado una aplicaci\u00f3n con funcionalidad fraudulenta o relacionada con la clonaci\u00f3n, como informaci\u00f3n de ubicaci\u00f3n falsa o buzones de correo clonados. Esto nos permite evaluar la autenticidad de su informaci\u00f3n y evaluar el riesgo de que se apruebe su solicitud de pr\u00e9stamo.<\/p>\n<p>Informaci\u00f3n de terceros<br \/>\nDurante el uso de nuestros servicios, es posible que obtengamos informaci\u00f3n sobre usted de agencias de terceros, como agencias de cr\u00e9dito y otros servicios de prevenci\u00f3n de fraude y verificaci\u00f3n de identidad. La recopilaci\u00f3n de informaci\u00f3n de estas fuentes externas se rige por sus propias pol\u00edticas de privacidad, en l\u00ednea con los acuerdos establecidos con dichas fuentes y su consentimiento expreso. Nunca compartimos sus datos con terceros sin su permiso, y solo se recopilan con su consentimiento. Los datos se transfieren y cargan de manera segura a trav\u00e9s de una conexi\u00f3n HTTPS. Utilizamos esta informaci\u00f3n para crear su perfil, evaluar su solvencia y prevenir el fraude en los pr\u00e9stamos, con el objetivo de brindarle el mejor servicio posible.<\/p>\n<p>Atenci\u00f3n<br \/>\nTodos los datos se cifrar\u00e1n de forma segura y se cargar\u00e1n en nuestro servidor (www.rapicash.loan) y no los compartiremos con ning\u00fan tercero sin su autorizaci\u00f3n. Si desea eliminar estos datos, puede enviar un correo electr\u00f3nico a ok@rapicash.loan a nuestro servicio de atenci\u00f3n al cliente. Estamos siempre a tu servicio.<\/p>\n<h3>3.Finalidad de la obtenci\u00f3n de datos<\/h3>\n<p>Utilizamos la informaci\u00f3n que usted nos proporciona o que recopilamos sobre usted para cumplir con nuestras obligaciones derivadas de cualquier contrato entre usted y nosotros (incluyendo, pero no limitado a, los t\u00e9rminos y condiciones) y para brindarle la informaci\u00f3n, productos y servicios que requiera.<br \/>\nAdem\u00e1s, utilizamos dicha informaci\u00f3n para:<br \/>\n\u25cfValidar la identidad del usuario y verificar la veracidad de la informaci\u00f3n proporcionada utilizando fuentes externas de informaci\u00f3n. Tambi\u00e9n realizamos an\u00e1lisis de riesgo y viabilidad del pr\u00e9stamo.<br \/>\n\u25cfProporcionarle informaci\u00f3n sobre otros bienes y servicios que ofrecemos y que sean similares a los que ya utiliza.<br \/>\n\u25cfEnviar anuncios y ofertas de servicios a trav\u00e9s del correo electr\u00f3nico registrado en nuestro sitio web, mediante el env\u00edo de SMS o llamadas al n\u00famero de tel\u00e9fono que usted haya registrado.<br \/>\n\u25cfLlevar a cabo eficazmente actividades de cobranza, ya sea de forma directa o a trav\u00e9s de terceros a quienes hayamos confiado esta tarea o a quienes hayamos cedido nuestra posici\u00f3n contractual.<br \/>\n\u25cfEvaluar el comportamiento del usuario, medir la efectividad de las funciones de la aplicaci\u00f3n, planificar nuevas caracter\u00edsticas y mejorar la experiencia del usuario.<br \/>\n\u25cfCumplir con los requisitos establecidos por autoridades federales, estatales o municipales, seg\u00fan lo dispuesto por las leyes aplicables, incluyendo la prevenci\u00f3n de lavado de dinero.<br \/>\n\u25cfAdministrar nuestra aplicaci\u00f3n y\/o p\u00e1gina web.<br \/>\n\u25cfRealizar operaciones internas, como la soluci\u00f3n de problemas operativos, an\u00e1lisis de datos, pruebas, as\u00ed como fines estad\u00edsticos e investigativos. Esto nos permite asegurar, mantener y mejorar la seguridad de nuestra aplicaci\u00f3n o p\u00e1gina web.<br \/>\n\u25cfPermitirle participar en partes interactivas de nuestros servicios cuando as\u00ed lo desee.<br \/>\n\u25cfMedir y comprender la efectividad de la publicidad enviada a usted y a otros, con el objetivo de enviarle publicidad relevante y adecuada a sus intereses.<br \/>\n\u25cfInvestigar y detectar posibles fraudes u otras violaciones a nuestros T\u00e9rminos y Condiciones o a esta Pol\u00edtica de Privacidad, as\u00ed como intentos de da\u00f1ar a nuestros usuarios o visitantes. Tambi\u00e9n utilizamos sus datos personales si consideramos que es necesario por motivos de seguridad.<\/p>\n<h3>4.C\u00f3mo se procesan los datos<\/h3>\n<p>Trataremos tus datos de la siguiente manera<br \/>\nRecopilaci\u00f3n y actualizaci\u00f3n de datos\uff1a<br \/>\n\u25cfVisita nuestro sitio web y servicios<br \/>\n\u25cfDescarga la aplicaci\u00f3n Rapicash y reg\u00edstrate como usuario<br \/>\n\u25cfSolicite pr\u00e9stamos y cualquier interacci\u00f3n con nosotros.<\/p>\n<p>Procesamiento de carga de datos:<br \/>\nTodas las transacciones se protegen mediante encriptaci\u00f3n SSL de 256 bits. Los datos recopilados se cargar\u00e1n en nuestro servidor (www.rapicash.loan) para su encriptaci\u00f3n, transmisi\u00f3n, almacenamiento y procesamiento;<\/p>\n<p>Seguridads de datos:<br \/>\npara proteger la seguridad de su informaci\u00f3n, tomamos con determinaci\u00f3n varias medidas de seguridad f\u00edsicas, electr\u00f3nicas y de gesti\u00f3n razonables de acuerdo con los est\u00e1ndares de la industria para proteger su informaci\u00f3n, de modo que su informaci\u00f3n no se filtre, da\u00f1e o pierda, incluidos SSL, datos Almacenamiento encriptado, control de acceso al centro de datos, etc.<\/p>\n<p>Confidencialidad de los datos:<br \/>\nsin su permiso, no divulgaremos ninguna informaci\u00f3n que contenga datos personales a ning\u00fan tercero y, con su consentimiento, podemos proporcionarle a dicho tercero el producto o servicio que solicit\u00f3;<\/p>\n<p>Retenci\u00f3n y eliminaci\u00f3n de datos:<br \/>\n\u25cfNos comprometemos a utilizar medidas de seguridad adecuadas para proteger tus datos personales contra accesos no autorizados, uso indebido y divulgaci\u00f3n, de acuerdo con el tipo de datos y c\u00f3mo los procesamos.<br \/>\n\u25cfConservamos informaci\u00f3n sobre ti para brindarte una experiencia fluida, contactarte en caso de que necesites ayuda, y para detectar, mitigar, prevenir e investigar actividades fraudulentas o ilegales.<br \/>\n\u25cfTienes la opci\u00f3n de consultar, editar o eliminar tus datos personales privados. En cualquier caso, puedes solicitar la actualizaci\u00f3n o eliminaci\u00f3n de tus datos personales comunic\u00e1ndote con nosotros. Sin embargo, ten en cuenta que despu\u00e9s de eliminar tus datos, es posible que no puedas utilizar nuestros servicios.<\/p>\n<h3>5.Derecho del usuario<\/h3>\n<p>Sobre los datos que gestionamos y almacenamos en ficheros, usted tiene los siguientes derechos:<br \/>\n\u25cfDerecho a solicitar el acceso a sus datos personales.<br \/>\n\u25cfDerecho a solicitar la correcci\u00f3n de sus datos personales.<br \/>\n\u25cfDerecho a oponerse al procesamiento de sus datos personales y, en ciertas circunstancias, a restringir el procesamiento de sus datos personales.<br \/>\n\u25cfDerecho incondicional a oponerse al procesamiento de sus datos personales con fines de marketing directo.<br \/>\n\u25cfUsted tiene el derecho de revocar la autorizaci\u00f3n y\/o solicitar la eliminaci\u00f3n de sus datos cuando el tratamiento de los mismos no cumpla con los principios, derechos, garant\u00edas constitucionales y legales establecidos.<br \/>\n\u25cfSi desea eliminar sus datos, tiene dos opciones disponibles. Puede eliminar manualmente la cuenta en la APLICACI\u00d3N o enviar un correo electr\u00f3nico para contactar al servicio de atenci\u00f3n al cliente para eliminarla ok@rapicash.loan. Estaremos disponibles para ayudarlo en ambos casos.<\/p>\n<h3>6.Actualizaci\u00f3n de la pol\u00edtica de privacidad<\/h3>\n<p>Podemos actualizar esta Pol\u00edtica de privacidad sin previo aviso. La versi\u00f3n actualizada de la Pol\u00edtica de privacidad entra en vigencia a partir de la fecha de publicaci\u00f3n y se aplica a todos los usuarios. Le recomendamos que revise peri\u00f3dicamente esta Pol\u00edtica de privacidad para obtener la versi\u00f3n m\u00e1s actualizada. Al continuar utilizando nuestras aplicaciones o servicios, se entender\u00e1 que ha recibido y aceptado nuestra Pol\u00edtica de privacidad m\u00e1s reciente.<\/p>\n<h3>7.Ley y jurisdicci\u00f3n<\/h3>\n<p>Esta pol\u00edtica de privacidad y cualquier disputa o reclamo que surjan como consecuencia de la misma se encuentra normada en la ley peruana<br \/>\nLas partes se someten a la competencia de los jueces y tribunales de Lima, Cercado para resolver cualquier duda, diferencia o controversia que pudiera surgir entre las partes respecto a los alcances de las pol\u00edticas de privacidad de Rapicash, renunciando al fuero que pudiera corresponderles en raz\u00f3n a su domicilio<\/p>\n<h3>8.Cont\u00e1ctenos<\/h3>\n<p>Si tiene alguna pregunta o duda sobre nuestro Aviso de Privacidad, no dude en ponerse en contacto con nuestro servicio de atenci\u00f3n al cliente a trav\u00e9s de una llamada telef\u00f3nica o un correo electr\u00f3nico. Estaremos encantados de ayudarle.<\/p>\n<p>Email: ok@rapicash.loan<br \/>\nSitio web: www.rapicash.loan<br \/>\nHorario de servicio: Lunes a S\u00e1bado 9 a 18 hrs<br \/>\nDirecci\u00f3n de la compa\u00f1\u00eda: Av. Rep\u00fablica de Panam\u00e1 5340, Surquillo 15059 Per\u00fa[\/vc_column_text][\/vc_column][\/vc_row]<\/p>\n","protected":false},"excerpt":{"rendered":"[vc_row pix_particles_check=&#8221;&#8221;][vc_column][vc_column_text] POL\u00cdTICA DE PRIVACIDAD Este documento, conocido como las Pol\u00edticas de privacidad de Rapicash, est\u00e1 en conformidad con la normativa actual sobre Protecci\u00f3n de Datos Personales. En \u00e9l se describen las finalidades de la informaci\u00f3n que nos proporciona, qui\u00e9nes&#8230;","protected":false},"author":1,"featured_media":0,"parent":0,"menu_order":0,"comment_status":"closed","ping_status":"closed","template":"","meta":{"footnotes":""},"class_list":["post-13417","page","type-page","status-publish","hentry"],"_links":{"self":[{"href":"https:\/\/rapicash.loan\/index.php\/wp-json\/wp\/v2\/pages\/13417","targetHints":{"allow":["GET"]}}],"collection":[{"href":"https:\/\/rapicash.loan\/index.php\/wp-json\/wp\/v2\/pages"}],"about":[{"href":"https:\/\/rapicash.loan\/index.php\/wp-json\/wp\/v2\/types\/page"}],"author":[{"embeddable":true,"href":"https:\/\/rapicash.loan\/index.php\/wp-json\/wp\/v2\/users\/1"}],"replies":[{"embeddable":true,"href":"https:\/\/rapicash.loan\/index.php\/wp-json\/wp\/v2\/comments?post=13417"}],"version-history":[{"count":25,"href":"https:\/\/rapicash.loan\/index.php\/wp-json\/wp\/v2\/pages\/13417\/revisions"}],"predecessor-version":[{"id":13585,"href":"https:\/\/rapicash.loan\/index.php\/wp-json\/wp\/v2\/pages\/13417\/revisions\/13585"}],"wp:attachment":[{"href":"https:\/\/rapicash.loan\/index.php\/wp-json\/wp\/v2\/media?parent=13417"}],"curies":[{"name":"wp","href":"https:\/\/api.w.org\/{rel}","templated":true}]}}