 {"id":13412,"date":"2022-12-26T11:36:15","date_gmt":"2022-12-26T11:36:15","guid":{"rendered":"http:\/\/rapicash.loan\/?page_id=13412"},"modified":"2023-12-29T07:52:18","modified_gmt":"2023-12-29T07:52:18","slug":"user","status":"publish","type":"page","link":"https:\/\/rapicash.loan\/index.php\/user\/","title":{"rendered":"El usuario"},"content":{"rendered":"<p>[vc_row pix_particles_check=&#8221;&#8221;][vc_column][vc_column_text]<\/p>\n<h1>TERMINOS Y CONDICIONES DE USO<\/h1>\n<p>El prop\u00f3sito de este documento es informar sobre la regulaci\u00f3n del tratamiento de la informaci\u00f3n y los datos personales de los usuarios que acceden a la aplicaci\u00f3n y\/o p\u00e1gina web (en adelante, la &#8220;Plataforma&#8221;) propiedad de Rapicash.<br \/>\nAl utilizar Rapicash, usted acepta todas las disposiciones establecidas en estos T\u00e9rminos. Si no est\u00e1 de acuerdo con este documento, le solicitamos que no acceda ni utilice el Sitio Web y\/o Aplicaci\u00f3n para utilizar los servicios ofrecidos por Rapicash.<br \/>\nCuando nos referimos a &#8220;Rapicash&#8221;, &#8220;nosotros&#8221; o &#8220;nuestro&#8221;, nos referimos a Rapicash. Y cuando nos referimos a &#8220;usted&#8221;, &#8220;usuario&#8221; o &#8220;su&#8221;, nos referimos a usted como usuario que acepta estos t\u00e9rminos de uso y pol\u00edtica de privacidad para acceder y utilizar este sitio web.<br \/>\nEs importante destacar que los productos y servicios ofrecidos por Rapicash est\u00e1n dirigidos exclusivamente a personas f\u00edsicas en Per\u00fa que tengan capacidad legal para contratar. Esto excluye expresamente a personas menores de edad, aquellas declaradas judicialmente en estado de interdicci\u00f3n o aquellas limitadas por cualquier otro contrato, convenio o relaci\u00f3n comercial. Esta lista no es exhaustiva.<br \/>\nLos servicios ofrecidos por Rapicash a trav\u00e9s de la P\u00e1gina Web y\/o la Aplicaci\u00f3n solo son v\u00e1lidos en Per\u00fa. Si la P\u00e1gina Web y\/o la Aplicaci\u00f3n son accesibles desde otros pa\u00edses alrededor del mundo, esto no implica que Rapicash autorice o habilite sus servicios y\/o contenidos en esos pa\u00edses o en diferentes jurisdicciones.<br \/>\nRapicash se reserva el derecho de revisar estos T\u00e9rminos de uso en cualquier momento, a su exclusivo criterio, mediante la publicaci\u00f3n de los T\u00e9rminos de uso actualizados.<\/p>\n<h3>1. Consentimiento<\/h3>\n<p>1.1. El Usuario manifiesta haber le\u00eddo y comprendido todos los t\u00e9rminos establecidos en estos T\u00e9rminos y Condiciones, los cuales son peri\u00f3dicamente actualizados por Rapicash. Estos t\u00e9rminos regulan el uso y funcionamiento de la Aplicaci\u00f3n\/App y la Cuenta. Antes de descargar la Aplicaci\u00f3n\/App o registrar una Cuenta con Rapicash, el Usuario debe leer y comprender estos t\u00e9rminos.<br \/>\n1.2. Al descargar la Aplicaci\u00f3n, se considerar\u00e1 que el Usuario acepta estos T\u00e9rminos y Condiciones al hacer clic en la opci\u00f3n &#8220;Aceptar&#8221; en nuestro sistema. Se le solicitar\u00e1 que confirme haber le\u00eddo, comprendido y aceptado cumplir con estos T\u00e9rminos y Condiciones.<br \/>\n1.3. Al descargar la Aplicaci\u00f3n y registrar una Cuenta, el Usuario acepta cumplir y estar sujeto a estos T\u00e9rminos y Condiciones, los cuales rigen el funcionamiento de la Cuenta. Adem\u00e1s, el Usuario afirma que estos T\u00e9rminos y Condiciones no afectan ning\u00fan otro derecho que pueda tener en relaci\u00f3n con la cuenta legal u otros tipos de cuentas.<br \/>\n1.4. Rapicash se reserva el derecho de modificar estos T\u00e9rminos y Condiciones de vez en cuando, y el uso continuado del Servicio constituye la aceptaci\u00f3n del Usuario de quedar sujeto a los T\u00e9rminos y Condiciones modificados. Se tomar\u00e1n medidas razonables para notificar cualquier cambio.<br \/>\n1.5. Ocasionalmente, pueden emitirse actualizaciones de la Aplicaci\u00f3n y\/o del Sitio web. Dependiendo de la actualizaci\u00f3n, es posible que el Usuario no pueda utilizar el Servicio hasta que haya descargado o transmitido la \u00faltima versi\u00f3n de la Aplicaci\u00f3n y haya aceptado los nuevos t\u00e9rminos y condiciones establecidos en estos T\u00e9rminos y Condiciones.<br \/>\n1.6. Al utilizar la Aplicaci\u00f3n o cualquiera de los Servicios, el Usuario acepta que recopilemos y utilicemos informaci\u00f3n t\u00e9cnica sobre el Dispositivo M\u00f3vil, el software, el hardware y los perif\u00e9ricos relacionados con el Servicio, los cuales est\u00e1n basados en internet o son inal\u00e1mbricos, con el fin de mejorar nuestros productos y proporcionar cualquier Servicio. Al utilizar estos Servicios, el Usuario autoriza a Rapicash, as\u00ed como a nuestros Afiliados y licenciatarios, a transmitir, recopilar, retener, mantener, procesar y utilizar sus datos con el prop\u00f3sito de determinar nuestros servicios de calificaci\u00f3n crediticia o mejorar nuestro Servicio y\/o la experiencia del Usuario al utilizar la Aplicaci\u00f3n.<br \/>\n1.7. El Usuario otorga expresamente a Rapicash, a trav\u00e9s de nuestros funcionarios facultados, la autorizaci\u00f3n para llevar a cabo investigaciones sobre su comportamiento crediticio en la Central de Riesgo que consideremos apropiada. Adem\u00e1s, el Usuario reconoce estar consciente de la naturaleza y el alcance de la Informaci\u00f3n Personal que se solicitar\u00e1, del uso que haremos de dicha Informaci\u00f3n Personal y de que podremos realizar consultas peri\u00f3dicas de su Historial Crediticio.<\/p>\n<h3>2. Plataforma de Rapicash<\/h3>\n<p>2.1. Para acceder y utilizar los servicios de la plataforma Rapicash, se requiere ser mayor de 18 a\u00f1os de edad.<br \/>\n2.2. Una vez registrado, Rapicash realizar\u00e1 preguntas adicionales y solicitar\u00e1 m\u00e1s informaci\u00f3n para llevar a cabo los procesos necesarios de firma y entrega del cr\u00e9dito. Es importante destacar que Rapicash es una instituci\u00f3n financiera no bancaria autorizada para otorgar cr\u00e9ditos de acuerdo con las leyes y regulaciones aplicables a las Operaciones de Cr\u00e9dito.<br \/>\n2.3. Puede utilizar Rapicash para solicitar un pr\u00e9stamo personal, y le proporcionaremos un plan de pr\u00e9stamo adecuado basado en la informaci\u00f3n personal que proporcione.<\/p>\n<h3>3. Informaci\u00f3n de terceros<\/h3>\n<p>3.1. Rapicash puede incluir enlaces a sitios web de terceros. Estos sitios son mantenidos por terceros sobre los cuales Rapicash no tiene control ni intervenci\u00f3n y, por lo tanto, no son revisados necesariamente por Rapicash. El uso de estos sitios, sus funciones y la contrataci\u00f3n de servicios o productos en ellos son responsabilidad exclusiva del usuario. Se insta al usuario a cumplir con los t\u00e9rminos y condiciones de uso y la pol\u00edtica de privacidad de cada sitio enlazado.<br \/>\n3.2. En ning\u00fan caso Rapicash ser\u00e1 responsable de los enlaces a la Plataforma ni de las acciones de los usuarios basadas en la informaci\u00f3n obtenida a trav\u00e9s de dichos enlaces. Rapicash no se hace responsable del contenido, las pol\u00edticas de privacidad y las pr\u00e1cticas de estos sitios web de terceros, as\u00ed como de las pol\u00edticas y pr\u00e1cticas de terceros que dirijan a los usuarios hacia nuestro sitio web.<br \/>\n3.3. Rapicash no se hace responsable de la exactitud y veracidad de la informaci\u00f3n proporcionada por terceros en la Plataforma Rapicash, ya sea en forma de datos cualitativos sobre productos y\/o servicios, o provenientes de proveedores y\/o colegas.<\/p>\n<h3>4. Propiedad Intelectual<\/h3>\n<p>4.1. Derechos de Propiedad Intelectual de Rapicash<br \/>\n4.1.1. Este sitio web contiene informaci\u00f3n sujeta a derechos de propiedad industrial y derechos de autor (&#8220;Derechos de Propiedad Intelectual&#8221;). Todos los derechos de propiedad intelectual en este documento son propiedad de Rapicash o han sido otorgados a Rapicash, y solo Rapicash tiene el derecho de utilizar, explotar, reproducir, comercializar o conceder licencias a terceros sobre dichos derechos.<br \/>\n4.1.2. Al visitar la p\u00e1gina de Rapicash, el usuario se compromete a respetar los derechos de propiedad intelectual de Rapicash y cualquier otro derecho relacionado con terceros que puedan estar presentes en el sitio web. El simple acceso a este sitio web no otorga al usuario ning\u00fan derecho de propiedad intelectual sobre el mismo.<br \/>\n4.2. Copia de contenido para uso personal<br \/>\n4.2.1. Queda estrictamente prohibida la reproducci\u00f3n de cualquier contenido del sitio, a menos que se cuente con la autorizaci\u00f3n previa y por escrito de Rapicash, o \u00fanicamente para uso personal del usuario. En ning\u00fan caso el usuario adquirir\u00e1 derechos de propiedad intelectual sobre los contenidos.<br \/>\n4.2.2. En caso de que el usuario infrinja alguno de los derechos de propiedad intelectual de Rapicash, ser\u00e1 responsable de cualquier consecuencia civil y\/o penal derivada de dicha infracci\u00f3n.<br \/>\n4.3. Notificaci\u00f3n de infracci\u00f3n de derechos de autor<br \/>\n4.3.1. En Rapicash valoramos la protecci\u00f3n de la propiedad intelectual y nos preocupamos por respetar los derechos de los dem\u00e1s. Si consideras que alg\u00fan texto, art\u00edculo, video, noticia, foto, dise\u00f1o u otro trabajo reproducido en nuestro sitio web infringe alguno de tus derechos, te solicitamos que nos proporciones los detalles a trav\u00e9s de ok@rapicash.loan. De esta manera, podremos comunicarnos contigo directamente y abordar la situaci\u00f3n.<br \/>\nEl mensaje debe incluir:<br \/>\n\u25cfLa firma, ya sea electr\u00f3nica o f\u00edsica, de una persona autorizada para actuar en nombre del titular de los derechos.<br \/>\n\u25cfUna descripci\u00f3n del material que se supone que infringe los derechos o del trabajo protegido por derechos de autor.<br \/>\n\u25cfLa direcci\u00f3n URL donde se encuentra el material que se alega que est\u00e1 infringiendo.<br \/>\n\u25cfTu informaci\u00f3n de contacto, incluyendo direcci\u00f3n, n\u00famero de tel\u00e9fono y correo electr\u00f3nico.<br \/>\n\u25cfUna declaraci\u00f3n de buena fe en la que afirmas que el uso en disputa no est\u00e1 autorizado por el propietario de los derechos de autor.<br \/>\n\u25cfDeclaras que la informaci\u00f3n de registro proporcionada es precisa y que tienes la autoridad para actuar en nombre del propietario de los derechos.<br \/>\n4.3.2. La eventual eliminaci\u00f3n de cualquier contenido de nuestro sitio web como resultado de una reclamaci\u00f3n no debe interpretarse como un reconocimiento de violaci\u00f3n de los derechos de terceros, sino m\u00e1s bien como un intento de evitar conflictos relacionados con el asunto.<br \/>\n4.4. Env\u00edo de mensajes no solicitados para la seguridad de los usuarios<br \/>\n4.4.1. Es pol\u00edtica de Rapicash no aceptar ni considerar ideas, sugerencias o materiales no solicitados, incluyendo anotaciones, dibujos, conceptos, rese\u00f1as, consejos t\u00e9cnicos, informaci\u00f3n sobre conocimientos, materiales publicitarios, videos u otra informaci\u00f3n (&#8220;Env\u00edos&#8221;), a menos que sean espec\u00edficamente solicitados por los usuarios registrados en la plataforma. Esta pol\u00edtica tiene como objetivo evitar posibles malentendidos cuando un proyecto desarrollado por profesionales de Rapicash sea similar al trabajo creativo de un tercero que env\u00eda comentarios a Rapicash.<br \/>\n4.4.2. Todas las presentaciones se considerar\u00e1n no confidenciales y no propietarias, y Rapicash tendr\u00e1 la facultad de utilizarlas, hacer valer sus derechos sobre ellas y eliminarlas de cualquier manera. Rapicash no asume ninguna responsabilidad por el uso o divulgaci\u00f3n de dichos env\u00edos, y reconoces que no ser\u00e1s responsable de dicho uso o divulgaci\u00f3n.<\/p>\n<h3>5. Indemnizaci\u00f3n<\/h3>\n<p>5.1. Usted acepta liberar de responsabilidad a Rapicash, as\u00ed como a sus directores, agentes, socios y colaboradores, y se compromete a indemnizarlos, defenderlos y eximirlos de cualquier da\u00f1o, responsabilidad, acci\u00f3n legal o reclamaci\u00f3n (incluyendo los honorarios legales) que surjan del uso de este sitio web. Adem\u00e1s, se compromete a protegerlos y eximirlos de cualquier responsabilidad en caso de violaci\u00f3n de estos T\u00e9rminos de Uso o la Pol\u00edtica de Privacidad.<br \/>\n5.2. Del mismo modo, usted acepta eximir a Rapicash, sus directores, agentes, socios y colaboradores de cualquier da\u00f1o, responsabilidad, acci\u00f3n legal o demanda (incluyendo los honorarios legales) que surjan de fallos en el equipo, y se compromete a defenderlos y liberarlos de toda responsabilidad frente a los usuarios y al uso indebido de la informaci\u00f3n o materiales del sitio web.<\/p>\n<h3>6. Prohibiciones<\/h3>\n<p>A los usuarios se les proh\u00edbe, entre otras restricciones:<br \/>\n\u25cfViolentar cualquier legislaci\u00f3n municipal, nacional o internacional incorporada al ordenamiento jur\u00eddico peru no o aplicable en Peru por cualquier motivo legal.<br \/>\n\u25cfParticipar en conductas que vayan en contra de la moral y las buenas costumbres.<br \/>\n\u25cfSuplantar la identidad de otra persona, ya sea f\u00edsica o jur\u00eddica.<br \/>\n\u25cfCargar, transmitir, divulgar, exhibir, enviar o difundir de cualquier manera contenido ilegal, incluyendo material que atente contra la reputaci\u00f3n y la privacidad de terceros, contenido pornogr\u00e1fico, obsceno, difamatorio, calumnioso, vulgar, tendencioso, racista, discriminatorio, que promueva actividades delictivas o que sea objetable de cualquier manera, y que pueda dar lugar a responsabilidad civil o penal seg\u00fan la ley.<br \/>\n\u25cfCargar, transmitir, divulgar, exhibir, publicar o poner a disposici\u00f3n de cualquier forma contenido que infrinja los derechos de terceros, incluyendo los derechos de propiedad intelectual.<br \/>\n\u25cfCargar, transmitir, divulgar, exhibir, enviar o poner a disposici\u00f3n de cualquier forma cualquier tipo de material publicitario, promocional o promocional no solicitado o no autorizado por este sitio web, como mensajes no solicitados o correos masivos (&#8220;spam&#8221;).<br \/>\n\u25cfCargar, transmitir, divulgar, exhibir, publicar o poner a disposici\u00f3n de cualquier forma contenido que contenga virus u otro c\u00f3digo inform\u00e1tico, archivos o programas con el \u00fanico prop\u00f3sito de interrumpir, destruir o limitar la funcionalidad de cualquier software, hardware o equipo.<br \/>\n\u25cfAmenazar, coaccionar o presionar a otros usuarios.<br \/>\n\u25cfViolentar los derechos de confidencialidad y privacidad de terceros.<br \/>\n\u25cfParticipar en cualquier conducta que pueda, directa o indirectamente, causar da\u00f1o a Rapicash, a otros usuarios o a cualquier tercero.<\/p>\n<h3>7. Aviso<\/h3>\n<p>Todas las comunicaciones entre las partes se realizar\u00e1n por escrito, utilizando correo tradicional o electr\u00f3nico (email). Rapicash se reserva el derecho de enviar notificaciones o mensajes a trav\u00e9s de este sitio web para informar a los usuarios sobre cambios en el sitio, en estos T\u00e9rminos de Uso, en la Pol\u00edtica de Privacidad y otros asuntos relacionados.<\/p>\n<h3>8. Comunicaci\u00f3n<\/h3>\n<p>Al aceptar estos t\u00e9rminos de uso, el usuario otorga a Rapicash la autorizaci\u00f3n para comunicarse con \u00e9l a trav\u00e9s de diversos medios electr\u00f3nicos, tales como tel\u00e9fonos m\u00f3viles y\/o fijos, mensajes de texto (SMS), correo electr\u00f3nico y el Servicio de Atenci\u00f3n al Cliente (SAC). Adem\u00e1s, se podr\u00e1 utilizar correspondencia f\u00edsica, destacando el canal principal de informaci\u00f3n al que el usuario tiene acceso.<\/p>\n<h3>9. Ley aplicable y jurisdicci\u00f3n<\/h3>\n<p>La interpretaci\u00f3n de estos T\u00e9rminos de Uso estar\u00e1 regida por las leyes de la Rep\u00fablica de Per\u00fa.<\/p>\n<h3>10. Entrada en vigor de los art\u00edculos<\/h3>\n<p>10.1. Estos T\u00e9rminos se mantendr\u00e1n en plena vigencia y efecto mientras se cumplan las siguientes condiciones:<br \/>\n\u25cfLos Servicios est\u00e9n disponibles en la Plataforma y no sean reemplazados por otros t\u00e9rminos de uso.<br \/>\n\u25cfEl Usuario acceda a la Plataforma.<br \/>\n\u25cfEl Usuario se registre en la Plataforma<br \/>\n10.2. Si eres un usuario registrado, tienes la opci\u00f3n de solicitar la eliminaci\u00f3n y cierre de tu cuenta en cualquier momento y por cualquier motivo, enviando una solicitud por correo electr\u00f3nico a ok@rapicash.loan o eliminar la cuenta manualmente en la APP<br \/>\n10.3. Nos reservamos el derecho de cancelar cualquier cuenta, eliminar servicios o contenido disponibles en el Sitio en cualquier momento y por cualquier motivo, a nuestro exclusivo criterio y sin otorgar al usuario ning\u00fan derecho a compensaci\u00f3n.<\/p>\n<h3>11. Cont\u00e1ctenos<\/h3>\n<p>Si tiene alguna pregunta sobre la pol\u00edtica, no dude en ponerse en contacto con nosotros.<br \/>\n\u25cfEmail: ok@rapicash.loan<br \/>\n\u25cfSitio web: www.rapicash.loan<br \/>\n\u25cfHorario de servicio: Lunes a S\u00e1bado 9 a 18 hrs<br \/>\n\u25cfDirecci\u00f3n de la compa\u00f1\u00eda: Av. Rep\u00fablica de Panam\u00e1 5340, Surquillo 15059 Per\u00fa[\/vc_column_text][\/vc_column][\/vc_row]<\/p>\n","protected":false},"excerpt":{"rendered":"[vc_row pix_particles_check=&#8221;&#8221;][vc_column][vc_column_text] TERMINOS Y CONDICIONES DE USO El prop\u00f3sito de este documento es informar sobre la regulaci\u00f3n del tratamiento de la informaci\u00f3n y los datos personales de los usuarios que acceden a la aplicaci\u00f3n y\/o p\u00e1gina web (en adelante, la&#8230;","protected":false},"author":1,"featured_media":0,"parent":0,"menu_order":0,"comment_status":"closed","ping_status":"closed","template":"","meta":{"footnotes":""},"class_list":["post-13412","page","type-page","status-publish","hentry"],"_links":{"self":[{"href":"https:\/\/rapicash.loan\/index.php\/wp-json\/wp\/v2\/pages\/13412","targetHints":{"allow":["GET"]}}],"collection":[{"href":"https:\/\/rapicash.loan\/index.php\/wp-json\/wp\/v2\/pages"}],"about":[{"href":"https:\/\/rapicash.loan\/index.php\/wp-json\/wp\/v2\/types\/page"}],"author":[{"embeddable":true,"href":"https:\/\/rapicash.loan\/index.php\/wp-json\/wp\/v2\/users\/1"}],"replies":[{"embeddable":true,"href":"https:\/\/rapicash.loan\/index.php\/wp-json\/wp\/v2\/comments?post=13412"}],"version-history":[{"count":6,"href":"https:\/\/rapicash.loan\/index.php\/wp-json\/wp\/v2\/pages\/13412\/revisions"}],"predecessor-version":[{"id":13578,"href":"https:\/\/rapicash.loan\/index.php\/wp-json\/wp\/v2\/pages\/13412\/revisions\/13578"}],"wp:attachment":[{"href":"https:\/\/rapicash.loan\/index.php\/wp-json\/wp\/v2\/media?parent=13412"}],"curies":[{"name":"wp","href":"https:\/\/api.w.org\/{rel}","templated":true}]}}