 {"id":13403,"date":"2020-06-03T21:51:02","date_gmt":"2020-06-03T21:51:02","guid":{"rendered":"https:\/\/essentials.pixfort.com\/corporate\/?page_id=4"},"modified":"2024-03-15T10:18:00","modified_gmt":"2024-03-15T10:18:00","slug":"homepage","status":"publish","type":"page","link":"https:\/\/rapicash.loan\/","title":{"rendered":"Homepage Corporate"},"content":{"rendered":"<p>[vc_section full_width=&#8221;stretch_row&#8221; pix_over_visibility=&#8221;&#8221; pix_overlay_color=&#8221;gray-9&#8243; css=&#8221;.vc_custom_1702967198498{padding-top: 120px !important;padding-bottom: 120px !important;}&#8221; fade_in_intro=&#8221;13515&#8243;][vc_row full_width=&#8221;stretch_row&#8221; pix_particles_check=&#8221;&#8221;][vc_column]<div id=\"el1673235838984-d5b86003-dc55\" class=\"mb-3 text-left  vc_custom_1702968073890\"><div class=\"d-inline-block\" style=\"max-width:800px;\"><h1 class=\"mb-32 pix-sliding-headline font-weight-bold secondary-font\" data-class=\"secondary-font text-white\" data-style=\"\">Pr\u00e9stamos Online:<\/h1><\/div><\/div><div id=\"el1702967354049-0698dadc-db4c\" class=\"mb-3 text-left  vc_custom_1702968087312\"><div class=\"d-inline-block\" style=\"max-width:800px;\"><h1 class=\"mb-32 pix-sliding-headline font-weight-bold secondary-font\" data-class=\"secondary-font \" data-style=\"color:#ffc638;\">Hasta S\/ 2,000<\/h1><\/div><\/div><div id=\"duo-icon-26924302\" class=\"slide-in-container w-100   vc_custom_1702968102343\" ><div class=\"py-2 animate-in\" data-anim-type=\"fade-in-up\" data-anim-delay=\"600\"><div class=\"pix-feature-list text-20       py-2 d-flex align-items-center\" ><span class=\"text-light-opacity-7\">Si necesitas dinero urgente, \u00a1elige RapiCash! <\/span><\/div><div class=\"pix-feature-list text-20       py-2 d-flex align-items-center\" ><span class=\"text-light-opacity-7\">Llegada r\u00e1pida en 5 minutos.<\/span><\/div><\/div><\/div><a  href=\"https:\/\/play.google.com\/store\/apps\/details?id=com.rapicash.cretito.personale.prestamos.pe\" class=\"btn mb-2     shadow-sm text-white btn-gradient-primary d-inline-block      animate-in btn-normal\" target=\"_blank\" rel=\"noopener\"  data-anim-type=\"fade-in-left\" data-anim-delay=\"600\" ><span class=\"font-weight-bold \" >Solicita Tu Pr\u00e9stamo<\/span> <i class=\"font-weight-bold pixicon-arrow-right2   ml-1\"><\/i><\/a>[\/vc_column][\/vc_row][\/vc_section][vc_section full_width=&#8221;stretch_row&#8221; pix_over_visibility=&#8221;&#8221; pix_visibility=&#8221;1&#8243; css=&#8221;.vc_custom_1592228637473{border-top-width: 1px !important;border-bottom-width: 1px !important;padding-top: 80px !important;padding-bottom: 80px !important;background-color: #ffffff !important;border-top-color: rgba(0,0,0,0.1) !important;border-top-style: solid !important;border-bottom-color: rgba(0,0,0,0.1) !important;border-bottom-style: solid !important;}&#8221; b_custom_height=&#8221;100px&#8221; el_id=&#8221;pix_section_features&#8221;][vc_row pix_particles_check=&#8221;&#8221;][vc_column width=&#8221;1\/3&#8243;]<div id=\"1673235840691-3fef5450-6ff9\" class=\"pix-feature-el text-center  vc_custom_1710497832645\"><div class=\"feature_img animate-in\" data-anim-type=\"fade-in-up\" data-anim-delay=\"\" style=\"\"><img decoding=\"async\" style=\"width:;height:;\" class=\"img-fluid2 pix-fit-cover2 pix-fit-contain  \" src=\"https:\/\/rapicash.loan\/wp-content\/uploads\/2023\/12\/Prestamos-online-de-10-mil-a-375-mil-yotepresto.com-5.svg\" alt=\"Las tasas m\u00e1s bajas1111111\"><\/div><h6 class=\"font-weight-bold  secondary-font  animate-in\" style=\"padding-top:20px;color:#142941 !important;\" data-anim-type=\"fade-in-up\" data-anim-delay=\"100\">Las tasas m\u00e1s bajas1111111<\/h6><div class=\"text-body-default text-18     animate-in\" style=\"padding-top:10px;\" data-anim-type=\"fade-in-up\" data-anim-delay=\"200\">La mejor tasa del mercado, hecha a tu medida. Tasa de inter\u00e9s diaria tan baja como 0.05%.<\/div><\/div>[\/vc_column][vc_column width=&#8221;1\/3&#8243;]<div id=\"1673235840785-4859ceb5-3808\" class=\"pix-feature-el text-center  vc_custom_1703041409274\"><div class=\"feature_img animate-in\" data-anim-type=\"fade-in-up\" data-anim-delay=\"\" style=\"\"><img decoding=\"async\" style=\"width:;height:;\" class=\"img-fluid2 pix-fit-cover2 pix-fit-contain  \" src=\"https:\/\/rapicash.loan\/wp-content\/uploads\/2023\/12\/Prestamos-online-de-10-mil-a-375-mil-yotepresto.com-1.svg\" alt=\"Sin garant\u00edas ni avales\"><\/div><h6 class=\"font-weight-bold  secondary-font  animate-in\" style=\"padding-top:20px;color:#142941 !important;\" data-anim-type=\"fade-in-up\" data-anim-delay=\"100\">Sin garant\u00edas ni avales<\/h6><div class=\"text-body-default text-18     animate-in\" style=\"padding-top:10px;\" data-anim-type=\"fade-in-up\" data-anim-delay=\"200\">Con sencillos pasos lograr\u00e1 de forma f\u00e1cil y r\u00e1pido pr\u00e9stamos bancario totalmente seguros<\/div><\/div>[\/vc_column][vc_column width=&#8221;1\/3&#8243;]<div id=\"1673235840880-49068666-dd08\" class=\"pix-feature-el text-center  vc_custom_1703041470761\"><div class=\"feature_img animate-in\" data-anim-type=\"fade-in-up\" data-anim-delay=\"\" style=\"\"><img decoding=\"async\" style=\"width:;height:;\" class=\"img-fluid2 pix-fit-cover2 pix-fit-contain  \" src=\"https:\/\/rapicash.loan\/wp-content\/uploads\/2023\/12\/Prestamos-online-de-10-mil-a-375-mil-yotepresto.com-4.svg\" alt=\"Seguro y fiable\"><\/div><h6 class=\"font-weight-bold  secondary-font  animate-in\" style=\"padding-top:20px;color:#142941 !important;\" data-anim-type=\"fade-in-up\" data-anim-delay=\"100\">Seguro y fiable<\/h6><div class=\"text-body-default text-18     animate-in\" style=\"padding-top:10px;\" data-anim-type=\"fade-in-up\" data-anim-delay=\"200\">Tus datos est\u00e1n protegidos por los est\u00e1ndares de seguridad m\u00e1s altos a nivel mundial.<\/div><\/div>[\/vc_column][\/vc_row][vc_row pix_particles_check=&#8221;&#8221;][vc_column]<div id=\"el1703056484571-53bcb039-ceb0\" class=\"w-100 d-block \"><\/div>[\/vc_column][\/vc_row][vc_row equal_height=&#8221;yes&#8221; pix_scale_in=&#8221;pix-scale-in&#8221; pix_particles_check=&#8221;&#8221; fade_in_intro=&#8221;13528&#8243;][vc_column]<div id=\"el1703043273818-cea95f77-835e\" class=\"w-100 d-block \"><\/div><div  class=\"pix-heading-el text-left \"><div><div class=\"slide-in-container\"><h2 class=\"text-white font-weight-bold heading-text el-title_custom_color mb-12\" style=\"\" data-anim-type=\"\" data-anim-delay=\"0\">Pr\u00e9stamos de cr\u00e9dito<\/h2><\/div><\/div><\/div><div  class=\"pix-heading-el text-left \"><div><div class=\"slide-in-container\"><h2 class=\"font-weight-bold heading-text el-title_custom_color mb-12\" style=\"color:#ffc638 !important;\" data-anim-type=\"\" data-anim-delay=\"0\">En efectivo<\/h2><\/div><\/div><\/div><div  class=\"pix-heading-el text-left \"><div class=\"d-inline-block\" style=\"max-width:600px;\"><div><div class=\"slide-in-container\"><div class=\" heading-text el-title_custom_color mb-12\" style=\"color:#d9cce2 !important;font-size:12;\" data-anim-type=\"\" data-anim-delay=\"0\">En RapiCash queremos hacer mejor tus d\u00edas, por esto desarrollamos servicios financieros f\u00e1ciles de acceder, 100% en l\u00ednea y seguros.<\/div><\/div><\/div><\/div><\/div><div id=\"el1703043316208-64f2b0e7-fcc6\" class=\"w-100 d-block \"><\/div>[\/vc_column][\/vc_row][vc_row pix_particles_check=&#8221;&#8221;][vc_column]<div id=\"el1703052626485-62a0bd2e-3c6e\" class=\"w-100 d-block \"><\/div>[\/vc_column][\/vc_row][vc_row pix_particles_check=&#8221;&#8221;][vc_column]<div id=\"el1703051849822-f8ccdab6-3a34\" class=\"w-100 d-block \"><\/div><div  class=\"pix-heading-el text-center \"><div><div class=\"slide-in-container\"><h3 class=\"font-weight-bold heading-text el-title_custom_color mb-12\" style=\"color:#142941 !important;\" data-anim-type=\"\" data-anim-delay=\"0\">T\u00fa sue\u00f1as y nosotros lo financiamos<\/h3><\/div><\/div><\/div><div id=\"el1703051735331-8bd30858-ab65\" class=\"w-100 d-block \"><\/div>[\/vc_column][\/vc_row][vc_row pix_particles_check=&#8221;&#8221;][vc_column width=&#8221;1\/4&#8243;]<div class=\"card w-100 h-1002 bg-heading-default  pix-hover-item rounded-lg position-relative overflow-hidden text-white   text-left w-100 d-block\"  >\n\t\t  <img decoding=\"async\" src=\"https:\/\/rapicash.loan\/wp-content\/uploads\/2023\/12\/dream01.jpg\" class=\"card-img pix-bg-image pix-img-scale h-100 rounded-lg pix-opacity-4 pix-hover-opacity-6\" alt=\"Para cambiar lo que necesitas en tu hogar.\"><div class=\"card-img-overlay2 d-inline-block w-100 pix-img-overlay pix-p-20 d-flex align-items-end\" style=\"min-height:300px;\"><div class=\"w-100\"><div class=\"\"><span class=\"pix-badge-element d-inline-block mr-1 \"  ><span class=\"badge font-weight-bold bg-white   \" style=\"font-size:18px; padding:5px 10px;margin-right:3px;line-height:12px;\"><span class=\"text-purple\" style=\"\">Reforma y hogar<\/span><\/span><\/span><\/div><h6 class=\"card-title text-white pix-my-10\" style=\"\">Para cambiar lo que necesitas en tu hogar.<\/h6><\/div><\/div><\/div>[\/vc_column][vc_column width=&#8221;1\/4&#8243;]<div class=\"card w-100 h-1002 bg-heading-default  pix-hover-item rounded-lg position-relative overflow-hidden text-white   text-left w-100 d-block\"  >\n\t\t  <img decoding=\"async\" src=\"https:\/\/rapicash.loan\/wp-content\/uploads\/2023\/12\/dream02.jpg\" class=\"card-img pix-bg-image pix-img-scale h-100 rounded-lg pix-opacity-4 pix-hover-opacity-6\" alt=\"Financia unas vacaciones perfectas.\"><div class=\"card-img-overlay2 d-inline-block w-100 pix-img-overlay pix-p-20 d-flex align-items-end\" style=\"min-height:300px;\"><div class=\"w-100\"><div class=\"\"><span class=\"pix-badge-element d-inline-block mr-1 \"  ><span class=\"badge font-weight-bold bg-white   \" style=\"font-size:18px; padding:5px 10px;margin-right:3px;line-height:12px;\"><span class=\"text-purple\" style=\"\">Viajes<\/span><\/span><\/span><\/div><h6 class=\"card-title text-white pix-my-10\" style=\"\">Financia unas vacaciones perfectas.<\/h6><\/div><\/div><\/div>[\/vc_column][vc_column width=&#8221;1\/4&#8243;]<div class=\"card w-100 h-1002 bg-heading-default  pix-hover-item rounded-lg position-relative overflow-hidden text-white   text-left w-100 d-block\"  >\n\t\t  <img decoding=\"async\" src=\"https:\/\/rapicash.loan\/wp-content\/uploads\/2023\/12\/dream03.jpg\" class=\"card-img pix-bg-image pix-img-scale h-100 rounded-lg pix-opacity-4 pix-hover-opacity-6\" alt=\"Disfrutar mejor del presente con la familia y los amigos.\"><div class=\"card-img-overlay2 d-inline-block w-100 pix-img-overlay pix-p-20 d-flex align-items-end\" style=\"min-height:300px;\"><div class=\"w-100\"><div class=\"\"><span class=\"pix-badge-element d-inline-block mr-1 \"  ><span class=\"badge font-weight-bold bg-white   \" style=\"font-size:15px; padding:5px 10px;margin-right:3px;line-height:12px;\"><span class=\"text-purple\" style=\"\">Celebraciones<\/span><\/span><\/span><\/div><h6 class=\"card-title text-white pix-my-10\" style=\"\">Disfrutar mejor del presente con la familia y los amigos.<\/h6><\/div><\/div><\/div>[\/vc_column][vc_column width=&#8221;1\/4&#8243;]<div class=\"card w-100 h-1002 bg-heading-default  pix-hover-item rounded-lg position-relative overflow-hidden text-white   text-left w-100 d-block\"  >\n\t\t  <img decoding=\"async\" src=\"https:\/\/rapicash.loan\/wp-content\/uploads\/2023\/12\/dream04.jpg\" class=\"card-img pix-bg-image pix-img-scale h-100 rounded-lg pix-opacity-4 pix-hover-opacity-6\" alt=\"Logra tus metas y proyectos, nosotros te apoyamos.\"><div class=\"card-img-overlay2 d-inline-block w-100 pix-img-overlay pix-p-20 d-flex align-items-end\" style=\"min-height:300px;\"><div class=\"w-100\"><div class=\"\"><span class=\"pix-badge-element d-inline-block mr-1 \"  ><span class=\"badge font-weight-bold bg-white   \" style=\"font-size:15px; padding:5px 10px;margin-right:3px;line-height:12px;\"><span class=\"text-purple\" style=\"\">Otros proyectos<\/span><\/span><\/span><\/div><h6 class=\"card-title text-white pix-my-10\" style=\"\">Logra tus metas y proyectos, nosotros te apoyamos.<\/h6><\/div><\/div><\/div>[\/vc_column][\/vc_row][\/vc_section][vc_section full_width=&#8221;stretch_row&#8221; pix_over_visibility=&#8221;&#8221; bottom_divider_select=&#8221;7&#8243; bottom_layers=&#8221;1&#8243; b_1_color=&#8221;#f8f9fa&#8221; css=&#8221;.vc_custom_1591231010124{padding-top: 80px !important;padding-bottom: 80px !important;background-color: #ffffff !important;}&#8221;][vc_row content_placement=&#8221;middle&#8221; pix_particles_check=&#8221;&#8221;][vc_column width=&#8221;1\/2&#8243; css=&#8221;.vc_custom_1592230956225{padding-top: 20px !important;padding-bottom: 20px !important;}&#8221;]<div class=\"d-inline-block \" ><div class=\"tilt\"><div class=\"pix-img-el    text-left d-inline-block  w-100 rounded-10\"  ><img loading=\"lazy\" decoding=\"async\" class=\"card-img2 pix-img-elem rounded-10  h-1002\" style=\"height:auto;\" width=\"800\" height=\"800\" srcset=\"https:\/\/rapicash.loan\/wp-content\/uploads\/2023\/12\/aboutus.png 800w, https:\/\/rapicash.loan\/wp-content\/uploads\/2023\/12\/aboutus-300x300.png 300w, https:\/\/rapicash.loan\/wp-content\/uploads\/2023\/12\/aboutus-150x150.png 150w, https:\/\/rapicash.loan\/wp-content\/uploads\/2023\/12\/aboutus-768x768.png 768w, https:\/\/rapicash.loan\/wp-content\/uploads\/2023\/12\/aboutus-400x400.png 400w, https:\/\/rapicash.loan\/wp-content\/uploads\/2023\/12\/aboutus-75x75.png 75w, https:\/\/rapicash.loan\/wp-content\/uploads\/2023\/12\/aboutus-460x460.png 460w\" sizes=\"auto, (max-width: 800px) 100vw, 800px\" src=\"https:\/\/rapicash.loan\/wp-content\/uploads\/2023\/12\/aboutus.png\" alt=\"\" \/><\/div><\/div><\/div>[\/vc_column][vc_column width=&#8221;1\/2&#8243; css=&#8221;.vc_custom_1591234701512{padding-right: 20px !important;padding-left: 20px !important;}&#8221;]<div id=\"el1673235839775-ed9d7211-7615\" class=\"mb-3 text-left  vc_custom_1703056993163\"><h4 class=\"mb-32 pix-sliding-headline font-weight-bold secondary-font\" data-class=\"secondary-font \" data-style=\"color:#142941;\">Sobre RapiCash<\/h4><\/div>[vc_column_text]<\/p>\n<div data-v-be669f=\"\" data-v-be24e1-s=\"\">\n<div data-v-be669f=\"\" data-v-be24e1-s=\"\">\n<div class=\"kds-text-container\" data-v-be669f=\"\" data-v-be24e1-s=\"\">\n<div class=\"kds-typography kds-typography-left-align body-large\" data-v-fd1504=\"\" data-v-be669f=\"\" data-v-be24e1-s=\"\">\n<p><span style=\"color: #000000;\"><strong>RapiCash<\/strong> es una aplicaci\u00f3n de pr\u00e9stamos financieros dise\u00f1ada por <span style=\"color: #0000ff;\"><em><strong>RAPIDO Y SEGURO S.A.C.<\/strong><\/em><\/span> para ciudadanos peruanos.<\/span><br \/>\n<span style=\"color: #000000;\">Nuestro objetivo es brindar acceso r\u00e1pido y sencillo a pr\u00e9stamos flexibles y asequibles. <\/span><\/p>\n<p><span style=\"color: #000000;\">En <strong>RapiCash<\/strong>, creemos en la inclusi\u00f3n financiera y queremos ofrecer a todo el mundo un servicio de pr\u00e9stamo de calidad para resolver sus dificultades financieras.<\/span><\/p>\n<\/div>\n<p><span style=\"color: #000000;\">Nos enorgullece contar con un equipo de atenci\u00f3n al cliente amable y profesional. Estamos disponibles para responder a tus preguntas, brindarte asistencia personalizada y guiarte a lo largo del proceso de solicitud de pr\u00e9stamo. Nos preocupamos por tu satisfacci\u00f3n y nos esforzamos por ofrecerte un servicio de calidad.<\/span><\/p>\n<p>&nbsp;<\/p>\n<\/div>\n<\/div>\n<\/div>\n<p>[\/vc_column_text][\/vc_column][\/vc_row][vc_row pix_particles_check=&#8221;&#8221;][vc_column][\/vc_column][\/vc_row][\/vc_section][vc_section full_width=&#8221;stretch_row&#8221; pix_over_visibility=&#8221;&#8221; css=&#8221;.vc_custom_1703057224396{padding-top: 120px !important;padding-bottom: 120px !important;background-color: #6a43fe !important;}&#8221;][vc_row pix_particles_check=&#8221;&#8221;][vc_column content_align=&#8221;text-center&#8221;]<div id=\"el1673235841531-1e78bd17-8049\" class=\"mb-3 text-center  vc_custom_1703058201119\"><div class=\"d-inline-block\" style=\"max-width:800px;\"><h2 class=\"mb-32 pix-sliding-headline font-weight-bold secondary-font\" data-class=\"secondary-font text-white\" data-style=\"\">\u00bfNecesitas un pr\u00e9stamo personal?<\/h2><\/div><\/div><div id=\"el1703058136080-16671a33-6094\" class=\"w-100 d-block \"><\/div><a  href=\"https:\/\/play.google.com\/store\/apps\/details?id=com.rapicash.cretito.personale.prestamos.pe\" class=\"btn mb-2     shadow-sm btn-orange d-inline-block      animate-in btn-md\"   data-anim-type=\"fade-in-left\" data-anim-delay=\"600\" ><span class=\"font-weight-bold \" >Solicitar En L\u00ednea Ahora<\/span><\/a>[\/vc_column][\/vc_row][\/vc_section]<\/p>\n","protected":false},"excerpt":{"rendered":"[vc_section full_width=&#8221;stretch_row&#8221; pix_over_visibility=&#8221;&#8221; pix_overlay_color=&#8221;gray-9&#8243; css=&#8221;.vc_custom_1702967198498{padding-top: 120px !important;padding-bottom: 120px !important;}&#8221; fade_in_intro=&#8221;13515&#8243;][vc_row full_width=&#8221;stretch_row&#8221; pix_particles_check=&#8221;&#8221;][vc_column][\/vc_column][\/vc_row][\/vc_section][vc_section full_width=&#8221;stretch_row&#8221; pix_over_visibility=&#8221;&#8221; pix_visibility=&#8221;1&#8243; css=&#8221;.vc_custom_1592228637473{border-top-width: 1px !important;border-bottom-width: 1px !important;padding-top: 80px !important;padding-bottom: 80px !important;background-color: #ffffff !important;border-top-color: rgba(0,0,0,0.1) !important;border-top-style: solid !important;border-bottom-color: rgba(0,0,0,0.1) !important;border-bottom-style: solid !important;}&#8221; b_custom_height=&#8221;100px&#8221; el_id=&#8221;pix_section_features&#8221;][vc_row pix_particles_check=&#8221;&#8221;][vc_column width=&#8221;1\/3&#8243;][\/vc_column][vc_column width=&#8221;1\/3&#8243;][\/vc_column][vc_column width=&#8221;1\/3&#8243;][\/vc_column][\/vc_row][vc_row&#8230;","protected":false},"author":1,"featured_media":0,"parent":0,"menu_order":0,"comment_status":"closed","ping_status":"closed","template":"","meta":{"footnotes":""},"class_list":["post-13403","page","type-page","status-publish","hentry"],"_links":{"self":[{"href":"https:\/\/rapicash.loan\/index.php\/wp-json\/wp\/v2\/pages\/13403","targetHints":{"allow":["GET"]}}],"collection":[{"href":"https:\/\/rapicash.loan\/index.php\/wp-json\/wp\/v2\/pages"}],"about":[{"href":"https:\/\/rapicash.loan\/index.php\/wp-json\/wp\/v2\/types\/page"}],"author":[{"embeddable":true,"href":"https:\/\/rapicash.loan\/index.php\/wp-json\/wp\/v2\/users\/1"}],"replies":[{"embeddable":true,"href":"https:\/\/rapicash.loan\/index.php\/wp-json\/wp\/v2\/comments?post=13403"}],"version-history":[{"count":53,"href":"https:\/\/rapicash.loan\/index.php\/wp-json\/wp\/v2\/pages\/13403\/revisions"}],"predecessor-version":[{"id":13601,"href":"https:\/\/rapicash.loan\/index.php\/wp-json\/wp\/v2\/pages\/13403\/revisions\/13601"}],"wp:attachment":[{"href":"https:\/\/rapicash.loan\/index.php\/wp-json\/wp\/v2\/media?parent=13403"}],"curies":[{"name":"wp","href":"https:\/\/api.w.org\/{rel}","templated":true}]}}